{"id":3,"date":"2026-03-24T11:14:29","date_gmt":"2026-03-24T11:14:29","guid":{"rendered":"https:\/\/english.szis.hu\/?page_id=3"},"modified":"2026-04-01T15:25:43","modified_gmt":"2026-04-01T15:25:43","slug":"privacy-policy","status":"publish","type":"page","link":"https:\/\/english.szis.hu\/?page_id=3","title":{"rendered":"Privacy Policy"},"content":{"rendered":"\r\n<p>This application can access the following data:<\/p>\r\n<p>&#8211; Photos\/Media\/Files<br \/>&#8211; Reading the contents of a USB storage<br \/>&#8211; Delete\/modify USB storage Storage<br \/>&#8211; Reading the contents of a USB storage<br \/>&#8211; Delete\/modify USB storage<\/p>\r\n<p>The application uses the above data and access only to the extent necessary for the operation of the program and the content of correct information. The program stores and uses the data in order to provide the application to the user. The data cannot be used to track the mobile device used for identification or for advertising purposes. The program uses the data only to the extent and for the purpose necessary to ensure the use of the application for the user, the creator does not collect them or transfer them to third parties. The application regularly deletes the stored data.<\/p>\r\n\r\n<p>&nbsp;<\/p>\r\n<p><strong>In German:<\/strong><\/p>\r\n<p>Diese Anwendung kann auf folgende Daten zugreifen:<\/p>\r\n<p>&#8211; Fotos\/Medien\/Dateien<br \/>&#8211; Lesen des Inhalts eines USB-Speichers<br \/>&#8211; USB-Speicher l\u00f6schen\/\u00e4ndern<br \/>&#8211; Lesen des Inhalts eines USB-Speichers<br \/>&#8211; USB-Speicher l\u00f6schen\/\u00e4ndern<\/p>\r\n<p>Die Anwendung nutzt die oben genannten Daten und Zugriffe nur in dem Umfang, der f\u00fcr den Betrieb des Programms und die inhaltlich korrekten Informationen erforderlich ist. Das Programm speichert und verwendet die Daten, um dem Benutzer die Anwendung bereitzustellen. Die Daten k\u00f6nnen nicht zur R\u00fcckverfolgung des zur Identifizierung oder zu Werbezwecken genutzten Mobilger\u00e4ts genutzt werden. Das Programm verwendet die Daten nur in dem Umfang und zu dem Zweck, der erforderlich ist, um die Nutzung der Anwendung f\u00fcr den Benutzer sicherzustellen, der Ersteller erhebt sie nicht und gibt sie nicht an Dritte weiter. Die Anwendung l\u00f6scht regelm\u00e4\u00dfig die gespeicherten Daten.<\/p>\r\n<p>&nbsp;<\/p>\r\n<p>&nbsp;<\/p>","protected":false},"excerpt":{"rendered":"<p>This application can access the following data: &ndash; Photos\/Media\/Files&ndash; Reading the contents of a USB storage&ndash; Delete\/modify USB storage Storage&ndash; Reading the contents of a USB storage&ndash; Delete\/modify USB storage &#8230;<\/p>\n","protected":false},"author":1,"featured_media":0,"parent":0,"menu_order":0,"comment_status":"closed","ping_status":"open","template":"","meta":{"om_disable_all_campaigns":false,"_monsterinsights_skip_tracking":false,"_monsterinsights_sitenote_active":false,"_monsterinsights_sitenote_note":"","_monsterinsights_sitenote_category":0,"footnotes":""},"class_list":["post-3","page","type-page","status-publish","hentry"],"aioseo_notices":[],"_links":{"self":[{"href":"https:\/\/english.szis.hu\/index.php?rest_route=\/wp\/v2\/pages\/3","targetHints":{"allow":["GET"]}}],"collection":[{"href":"https:\/\/english.szis.hu\/index.php?rest_route=\/wp\/v2\/pages"}],"about":[{"href":"https:\/\/english.szis.hu\/index.php?rest_route=\/wp\/v2\/types\/page"}],"author":[{"embeddable":true,"href":"https:\/\/english.szis.hu\/index.php?rest_route=\/wp\/v2\/users\/1"}],"replies":[{"embeddable":true,"href":"https:\/\/english.szis.hu\/index.php?rest_route=%2Fwp%2Fv2%2Fcomments&post=3"}],"version-history":[{"count":2,"href":"https:\/\/english.szis.hu\/index.php?rest_route=\/wp\/v2\/pages\/3\/revisions"}],"predecessor-version":[{"id":1033,"href":"https:\/\/english.szis.hu\/index.php?rest_route=\/wp\/v2\/pages\/3\/revisions\/1033"}],"wp:attachment":[{"href":"https:\/\/english.szis.hu\/index.php?rest_route=%2Fwp%2Fv2%2Fmedia&parent=3"}],"curies":[{"name":"wp","href":"https:\/\/api.w.org\/{rel}","templated":true}]}}