{"id":296,"date":"2026-03-25T16:33:19","date_gmt":"2026-03-25T16:33:19","guid":{"rendered":"https:\/\/english.szis.hu\/?page_id=296"},"modified":"2026-04-01T13:11:00","modified_gmt":"2026-04-01T13:11:00","slug":"dictionary-of-historical-allusions","status":"publish","type":"page","link":"https:\/\/english.szis.hu\/?page_id=296","title":{"rendered":"Dictionary of Historical Allusions"},"content":{"rendered":"<p>Historical terms, references and their interpretations and meanings. More than 2000 terms and their interpretations. Based on the work of Thomas Benfield Harbottle published in 1903.<\/p>\n<p>Data processing was carried out under the Creative Commons Licence.\u00a0The original can be found on the Gutenberg.org website.<\/p>\n<table>\n<tbody>\n<tr>\n<td>\n<h3><strong>\u00c1r:\u00a0<\/strong>Ingyenes<\/h3>\n<\/td>\n<td>\n<h3><strong>Let\u00f6lthet\u0151 a Google Play \u00e1ruh\u00e1zb\u00f3l:<\/strong><\/h3>\n<\/td>\n<td>\n<h2><a tabindex=\"-1\" href=\"https:\/\/play.google.com\/store\/apps\/details?id=com.szis.allusions&amp;hl=hu\" target=\"_blank\" rel=\"noopener\"><img loading=\"lazy\" decoding=\"async\" src=\"https:\/\/www.szis.hu\/images\/google_play.png\" alt=\"\" width=\"153\" height=\"46\" \/><\/a><\/h2>\n<\/td>\n<\/tr>\n<\/tbody>\n<\/table>\n<p style=\"text-align: center;\"><img loading=\"lazy\" decoding=\"async\" class=\"alignnone size-medium wp-image-297\" src=\"https:\/\/english.szis.hu\/wp-content\/uploads\/2026\/03\/A1-135x300.png\" alt=\"\" width=\"135\" height=\"300\" srcset=\"https:\/\/english.szis.hu\/wp-content\/uploads\/2026\/03\/A1-135x300.png 135w, https:\/\/english.szis.hu\/wp-content\/uploads\/2026\/03\/A1.png 297w\" sizes=\"auto, (max-width: 135px) 100vw, 135px\" \/> <img loading=\"lazy\" decoding=\"async\" class=\"alignnone size-medium wp-image-298\" src=\"https:\/\/english.szis.hu\/wp-content\/uploads\/2026\/03\/A2-135x300.png\" alt=\"\" width=\"135\" height=\"300\" srcset=\"https:\/\/english.szis.hu\/wp-content\/uploads\/2026\/03\/A2-135x300.png 135w, https:\/\/english.szis.hu\/wp-content\/uploads\/2026\/03\/A2.png 297w\" sizes=\"auto, (max-width: 135px) 100vw, 135px\" \/> <img loading=\"lazy\" decoding=\"async\" class=\"alignnone size-medium wp-image-299\" src=\"https:\/\/english.szis.hu\/wp-content\/uploads\/2026\/03\/A3-135x300.png\" alt=\"\" width=\"135\" height=\"300\" srcset=\"https:\/\/english.szis.hu\/wp-content\/uploads\/2026\/03\/A3-135x300.png 135w, https:\/\/english.szis.hu\/wp-content\/uploads\/2026\/03\/A3.png 297w\" sizes=\"auto, (max-width: 135px) 100vw, 135px\" \/> <img loading=\"lazy\" decoding=\"async\" class=\"alignnone size-medium wp-image-300\" src=\"https:\/\/english.szis.hu\/wp-content\/uploads\/2026\/03\/A4-135x300.png\" alt=\"\" width=\"135\" height=\"300\" srcset=\"https:\/\/english.szis.hu\/wp-content\/uploads\/2026\/03\/A4-135x300.png 135w, https:\/\/english.szis.hu\/wp-content\/uploads\/2026\/03\/A4.png 297w\" sizes=\"auto, (max-width: 135px) 100vw, 135px\" \/><\/p>\n","protected":false},"excerpt":{"rendered":"<p>Historical terms, references and their interpretations and meanings. More than 2000 terms and their interpretations. Based on the work of Thomas Benfield Harbottle published in 1903. Data processing was carried &#8230;<\/p>\n","protected":false},"author":1,"featured_media":0,"parent":0,"menu_order":0,"comment_status":"closed","ping_status":"closed","template":"","meta":{"om_disable_all_campaigns":false,"_monsterinsights_skip_tracking":false,"_monsterinsights_sitenote_active":false,"_monsterinsights_sitenote_note":"","_monsterinsights_sitenote_category":0,"footnotes":""},"class_list":["post-296","page","type-page","status-publish","hentry"],"aioseo_notices":[],"_links":{"self":[{"href":"https:\/\/english.szis.hu\/index.php?rest_route=\/wp\/v2\/pages\/296","targetHints":{"allow":["GET"]}}],"collection":[{"href":"https:\/\/english.szis.hu\/index.php?rest_route=\/wp\/v2\/pages"}],"about":[{"href":"https:\/\/english.szis.hu\/index.php?rest_route=\/wp\/v2\/types\/page"}],"author":[{"embeddable":true,"href":"https:\/\/english.szis.hu\/index.php?rest_route=\/wp\/v2\/users\/1"}],"replies":[{"embeddable":true,"href":"https:\/\/english.szis.hu\/index.php?rest_route=%2Fwp%2Fv2%2Fcomments&post=296"}],"version-history":[{"count":1,"href":"https:\/\/english.szis.hu\/index.php?rest_route=\/wp\/v2\/pages\/296\/revisions"}],"predecessor-version":[{"id":302,"href":"https:\/\/english.szis.hu\/index.php?rest_route=\/wp\/v2\/pages\/296\/revisions\/302"}],"wp:attachment":[{"href":"https:\/\/english.szis.hu\/index.php?rest_route=%2Fwp%2Fv2%2Fmedia&parent=296"}],"curies":[{"name":"wp","href":"https:\/\/api.w.org\/{rel}","templated":true}]}}